{"id":1072,"date":"2025-10-07T12:08:00","date_gmt":"2025-10-07T12:08:00","guid":{"rendered":"https:\/\/www.aparnasremontit.fi\/kontaktuppgifter\/"},"modified":"2025-11-14T10:26:18","modified_gmt":"2025-11-14T10:26:18","slug":"kontaktuppgifter","status":"publish","type":"page","link":"https:\/\/www.aparnasremontit.fi\/sv\/kontaktuppgifter\/","title":{"rendered":"Kontaktuppgifter"},"content":{"rendered":"\t\t<div data-elementor-type=\"wp-post\" data-elementor-id=\"1072\" class=\"elementor elementor-1072 elementor-907\" data-elementor-post-type=\"page\">\n\t\t\t\t<div class=\"elementor-element elementor-element-b7a7642 e-flex e-con-boxed e-con e-parent\" data-id=\"b7a7642\" data-element_type=\"container\" data-e-type=\"container\">\n\t\t\t\t\t<div class=\"e-con-inner\">\n\t\t\t\t<div class=\"elementor-element elementor-element-cc08b52 elementor-widget elementor-widget-menu-anchor\" data-id=\"cc08b52\" data-element_type=\"widget\" data-e-type=\"widget\" data-widget_type=\"menu-anchor.default\">\n\t\t\t\t\t\t\t<div class=\"elementor-menu-anchor\" id=\"offert\"><\/div>\n\t\t\t\t\t\t<\/div>\n\t\t\t\t<div class=\"elementor-element elementor-element-9070e4f elementor-widget elementor-widget-heading\" data-id=\"9070e4f\" data-element_type=\"widget\" data-e-type=\"widget\" data-widget_type=\"heading.default\">\n\t\t\t\t\t<h2 class=\"elementor-heading-title elementor-size-default\">Offertf\u00f6rfr\u00e5gan<\/h2>\t\t\t\t<\/div>\n\t\t\t\t<div class=\"elementor-element elementor-element-23941d2 elementor-button-align-start elementor-widget elementor-widget-form\" data-id=\"23941d2\" data-element_type=\"widget\" data-e-type=\"widget\" data-settings=\"{&quot;button_width&quot;:&quot;25&quot;,&quot;step_next_label&quot;:&quot;N\\u00e4sta&quot;,&quot;step_previous_label&quot;:&quot;F\\u00f6reg\\u00e5ende&quot;,&quot;step_type&quot;:&quot;number_text&quot;,&quot;step_icon_shape&quot;:&quot;circle&quot;}\" data-widget_type=\"form.default\">\n\t\t\t\t\t\t\t<form class=\"elementor-form\" method=\"post\" name=\"Aparnas FORMUL\u00c4R\" aria-label=\"Aparnas FORMUL\u00c4R\">\n\t\t\t<input type=\"hidden\" name=\"post_id\" value=\"1072\"\/>\n\t\t\t<input type=\"hidden\" name=\"form_id\" value=\"23941d2\"\/>\n\t\t\t<input type=\"hidden\" name=\"referer_title\" value=\"Kontaktuppgifter - Aparnas Oy\" \/>\n\n\t\t\t\t\t\t\t<input type=\"hidden\" name=\"queried_id\" value=\"1072\"\/>\n\t\t\t\n\t\t\t<div class=\"elementor-form-fields-wrapper elementor-labels-above\">\n\t\t\t\t\t\t\t\t<div class=\"elementor-field-type-text elementor-field-group elementor-column elementor-field-group-name elementor-col-100 elementor-field-required elementor-mark-required\">\n\t\t\t\t\t\t\t\t\t\t\t\t<label for=\"form-field-name\" class=\"elementor-field-label\">\n\t\t\t\t\t\t\t\tNamn\t\t\t\t\t\t\t<\/label>\n\t\t\t\t\t\t\t\t\t\t\t\t\t\t<input size=\"1\" type=\"text\" name=\"form_fields[name]\" id=\"form-field-name\" class=\"elementor-field elementor-size-sm  elementor-field-textual\" placeholder=\"t.ex. Matti Meik\u00e4l\u00e4inen\" required=\"required\">\n\t\t\t\t\t\t\t\t\t\t\t<\/div>\n\t\t\t\t\t\t\t\t<div class=\"elementor-field-type-email elementor-field-group elementor-column elementor-field-group-email elementor-col-100 elementor-field-required elementor-mark-required\">\n\t\t\t\t\t\t\t\t\t\t\t\t<label for=\"form-field-email\" class=\"elementor-field-label\">\n\t\t\t\t\t\t\t\tE-post\t\t\t\t\t\t\t<\/label>\n\t\t\t\t\t\t\t\t\t\t\t\t\t\t<input size=\"1\" type=\"email\" name=\"form_fields[email]\" id=\"form-field-email\" class=\"elementor-field elementor-size-sm  elementor-field-textual\" placeholder=\"t.ex. matti.meikalainen@exempel.se\" required=\"required\">\n\t\t\t\t\t\t\t\t\t\t\t<\/div>\n\t\t\t\t\t\t\t\t<div class=\"elementor-field-type-tel elementor-field-group elementor-column elementor-field-group-field_8df8a6c elementor-col-100\">\n\t\t\t\t\t\t\t\t\t\t\t\t<label for=\"form-field-field_8df8a6c\" class=\"elementor-field-label\">\n\t\t\t\t\t\t\t\tTelefonnummer\t\t\t\t\t\t\t<\/label>\n\t\t\t\t\t\t\t\t<input size=\"1\" type=\"tel\" name=\"form_fields[field_8df8a6c]\" id=\"form-field-field_8df8a6c\" class=\"elementor-field elementor-size-sm  elementor-field-textual\" placeholder=\"t.ex. 401234567\" pattern=\"[0-9()#&amp;+*-=.]+\" title=\"Endast siffror och telefontecken (#, -, *, etc) accepteras.\">\n\n\t\t\t\t\t\t<\/div>\n\t\t\t\t\t\t\t\t<div class=\"elementor-field-type-checkbox elementor-field-group elementor-column elementor-field-group-field_a08cc84 elementor-col-100\">\n\t\t\t\t\t\t\t\t\t\t\t\t<label for=\"form-field-field_a08cc84\" class=\"elementor-field-label\">\n\t\t\t\t\t\t\t\tVad g\u00e4ller din kontakt?\t\t\t\t\t\t\t<\/label>\n\t\t\t\t\t\t<div class=\"elementor-field-subgroup  \"><span class=\"elementor-field-option\"><input type=\"checkbox\" value=\"L\u00e4genhetsrenovering\" id=\"form-field-field_a08cc84-0\" name=\"form_fields[field_a08cc84][]\"> <label for=\"form-field-field_a08cc84-0\">L\u00e4genhetsrenovering<\/label><\/span><span class=\"elementor-field-option\"><input type=\"checkbox\" value=\"K\u00f6ksrenovering\" id=\"form-field-field_a08cc84-1\" name=\"form_fields[field_a08cc84][]\"> <label for=\"form-field-field_a08cc84-1\">K\u00f6ksrenovering<\/label><\/span><span class=\"elementor-field-option\"><input type=\"checkbox\" value=\"Badrumsrenovering\" id=\"form-field-field_a08cc84-2\" name=\"form_fields[field_a08cc84][]\"> <label for=\"form-field-field_a08cc84-2\">Badrumsrenovering<\/label><\/span><span class=\"elementor-field-option\"><input type=\"checkbox\" value=\"Kontorsrenovering\" id=\"form-field-field_a08cc84-3\" name=\"form_fields[field_a08cc84][]\"> <label for=\"form-field-field_a08cc84-3\">Kontorsrenovering<\/label><\/span><span class=\"elementor-field-option\"><input type=\"checkbox\" value=\"Annat\" id=\"form-field-field_a08cc84-4\" name=\"form_fields[field_a08cc84][]\"> <label for=\"form-field-field_a08cc84-4\">Annat<\/label><\/span><\/div>\t\t\t\t<\/div>\n\t\t\t\t\t\t\t\t<div class=\"elementor-field-type-textarea elementor-field-group elementor-column elementor-field-group-field_0501eb0 elementor-col-100 elementor-field-required elementor-mark-required\">\n\t\t\t\t\t\t\t\t\t\t\t\t<label for=\"form-field-field_0501eb0\" class=\"elementor-field-label\">\n\t\t\t\t\t\t\t\tMeddelande\t\t\t\t\t\t\t<\/label>\n\t\t\t\t\t\t<textarea class=\"elementor-field-textual elementor-field  elementor-size-sm\" name=\"form_fields[field_0501eb0]\" id=\"form-field-field_0501eb0\" rows=\"5\" placeholder=\"t.ex. Jag skulle vilja renovera min l\u00e4genhet. Kan vi prata mer?\" required=\"required\"><\/textarea>\t\t\t\t<\/div>\n\t\t\t\t\t\t\t\t<div class=\"elementor-field-group elementor-column elementor-field-type-submit elementor-col-25 e-form__buttons\">\n\t\t\t\t\t<button class=\"elementor-button elementor-size-sm elementor-animation-grow\" type=\"submit\">\n\t\t\t\t\t\t<span class=\"elementor-button-content-wrapper\">\n\t\t\t\t\t\t\t\t\t\t\t\t\t\t\t\t\t\t\t\t\t\t<span class=\"elementor-button-text\">Skicka<\/span>\n\t\t\t\t\t\t\t\t\t\t\t\t\t<\/span>\n\t\t\t\t\t<\/button>\n\t\t\t\t<\/div>\n\t\t\t<\/div>\n\t\t<\/form>\n\t\t\t\t\t\t<\/div>\n\t\t\t\t<div class=\"elementor-element elementor-element-1330a57 elementor-widget elementor-widget-heading\" data-id=\"1330a57\" data-element_type=\"widget\" data-e-type=\"widget\" data-widget_type=\"heading.default\">\n\t\t\t\t\t<h2 class=\"elementor-heading-title elementor-size-default\">V\u00e5rt serviceomr\u00e5de: Helsingfors (inklusive centrumomr\u00e5det), Esbo, Kyrksl\u00e4tt samt \u00f6vriga Nyland.<\/h2>\t\t\t\t<\/div>\n\t\t\t\t\t<\/div>\n\t\t\t\t<\/div>\n\t\t<div class=\"elementor-element elementor-element-e0f741b e-flex e-con-boxed e-con e-parent\" data-id=\"e0f741b\" data-element_type=\"container\" data-e-type=\"container\">\n\t\t\t\t\t<div class=\"e-con-inner\">\n\t\t\t\t<div class=\"elementor-element elementor-element-11c470f elementor-widget elementor-widget-menu-anchor\" data-id=\"11c470f\" data-element_type=\"widget\" data-e-type=\"widget\" data-widget_type=\"menu-anchor.default\">\n\t\t\t\t\t\t\t<div class=\"elementor-menu-anchor\" id=\"fakturering\"><\/div>\n\t\t\t\t\t\t<\/div>\n\t\t<div class=\"elementor-element elementor-element-bed7d5d e-con-full e-flex e-con e-child\" data-id=\"bed7d5d\" data-element_type=\"container\" data-e-type=\"container\" data-settings=\"{&quot;background_background&quot;:&quot;classic&quot;}\">\n\t\t<div class=\"elementor-element elementor-element-62c7535 e-con-full e-flex e-con e-child\" data-id=\"62c7535\" data-element_type=\"container\" data-e-type=\"container\">\n\t\t\t\t<div class=\"elementor-element elementor-element-287cf41 elementor-widget elementor-widget-heading\" data-id=\"287cf41\" data-element_type=\"widget\" data-e-type=\"widget\" data-widget_type=\"heading.default\">\n\t\t\t\t\t<h2 class=\"elementor-heading-title elementor-size-default\">Kontaktuppgifter<\/h2>\t\t\t\t<\/div>\n\t\t\t\t<div class=\"elementor-element elementor-element-1689c2e elementor-widget elementor-widget-heading\" data-id=\"1689c2e\" data-element_type=\"widget\" data-e-type=\"widget\" data-widget_type=\"heading.default\">\n\t\t\t\t\t<h2 class=\"elementor-heading-title elementor-size-default\">Peter Holmstr\u00f6m<\/h2>\t\t\t\t<\/div>\n\t\t\t\t<div class=\"elementor-element elementor-element-a266baa elementor-icon-list--layout-traditional elementor-list-item-link-full_width elementor-widget elementor-widget-icon-list\" data-id=\"a266baa\" data-element_type=\"widget\" data-e-type=\"widget\" data-widget_type=\"icon-list.default\">\n\t\t\t\t\t\t\t<ul class=\"elementor-icon-list-items\">\n\t\t\t\t\t\t\t<li class=\"elementor-icon-list-item\">\n\t\t\t\t\t\t\t\t\t\t\t<a href=\"tel:+358408495331\">\n\n\t\t\t\t\t\t\t\t\t\t\t<span class=\"elementor-icon-list-text\">tel. 040 849 5331<\/span>\n\t\t\t\t\t\t\t\t\t\t\t<\/a>\n\t\t\t\t\t\t\t\t\t<\/li>\n\t\t\t\t\t\t\t\t<li class=\"elementor-icon-list-item\">\n\t\t\t\t\t\t\t\t\t\t\t<a href=\"mailto:peter.holmstr\u00f6m@aparnasremontit.fi\">\n\n\t\t\t\t\t\t\t\t\t\t\t<span class=\"elementor-icon-list-text\">peter.holmstrom@aparnasremontit.fi<\/span>\n\t\t\t\t\t\t\t\t\t\t\t<\/a>\n\t\t\t\t\t\t\t\t\t<\/li>\n\t\t\t\t\t\t<\/ul>\n\t\t\t\t\t\t<\/div>\n\t\t\t\t<div class=\"elementor-element elementor-element-21f3ee8 elementor-widget elementor-widget-heading\" data-id=\"21f3ee8\" data-element_type=\"widget\" data-e-type=\"widget\" data-widget_type=\"heading.default\">\n\t\t\t\t\t<h2 class=\"elementor-heading-title elementor-size-default\">Aparnas Oy<br>Norrsv\u00e4ngen 32 A<br>00200 Helsingfors<br><\/h2>\t\t\t\t<\/div>\n\t\t\t\t<\/div>\n\t\t<div class=\"elementor-element elementor-element-714c2b7 e-con-full e-flex e-con e-child\" data-id=\"714c2b7\" data-element_type=\"container\" data-e-type=\"container\">\n\t\t\t\t<div class=\"elementor-element elementor-element-4fb7e01 elementor-widget elementor-widget-heading\" data-id=\"4fb7e01\" data-element_type=\"widget\" data-e-type=\"widget\" data-widget_type=\"heading.default\">\n\t\t\t\t\t<h2 class=\"elementor-heading-title elementor-size-default\">Faktureringsuppgifter<\/h2>\t\t\t\t<\/div>\n\t\t\t\t<div class=\"elementor-element elementor-element-5acb6ff elementor-widget elementor-widget-heading\" data-id=\"5acb6ff\" data-element_type=\"widget\" data-e-type=\"widget\" data-widget_type=\"heading.default\">\n\t\t\t\t\t<h2 class=\"elementor-heading-title elementor-size-default\">FO-nummer: 3563885-6<br>EDI: 003735638856<br>Operat\u00f6r: Pagero Oy<br><\/h2>\t\t\t\t<\/div>\n\t\t\t\t<\/div>\n\t\t\t\t<\/div>\n\t\t\t\t\t<\/div>\n\t\t\t\t<\/div>\n\t\t<div class=\"elementor-element elementor-element-cfaef55 e-flex e-con-boxed e-con e-parent\" data-id=\"cfaef55\" data-element_type=\"container\" data-e-type=\"container\">\n\t\t\t\t\t<div class=\"e-con-inner\">\n\t\t\t\t<div class=\"elementor-element elementor-element-4e7cbd6 elementor-widget elementor-widget-menu-anchor\" data-id=\"4e7cbd6\" data-element_type=\"widget\" data-e-type=\"widget\" data-widget_type=\"menu-anchor.default\">\n\t\t\t\t\t\t\t<div class=\"elementor-menu-anchor\" id=\"om-oss\"><\/div>\n\t\t\t\t\t\t<\/div>\n\t\t\t\t<div class=\"elementor-element elementor-element-f551466 elementor-widget elementor-widget-heading\" data-id=\"f551466\" data-element_type=\"widget\" data-e-type=\"widget\" data-widget_type=\"heading.default\">\n\t\t\t\t\t<h2 class=\"elementor-heading-title elementor-size-default\">Om oss<\/h2>\t\t\t\t<\/div>\n\t\t<div class=\"elementor-element elementor-element-30ff018 e-con-full e-flex e-con e-child\" data-id=\"30ff018\" data-element_type=\"container\" data-e-type=\"container\">\n\t\t<div class=\"elementor-element elementor-element-36a7d14 e-con-full e-flex e-con e-child\" data-id=\"36a7d14\" data-element_type=\"container\" data-e-type=\"container\">\n\t\t\t\t<div class=\"elementor-element elementor-element-2286fc0 elementor-widget elementor-widget-image\" data-id=\"2286fc0\" data-element_type=\"widget\" data-e-type=\"widget\" data-widget_type=\"image.default\">\n\t\t\t\t\t\t\t\t\t\t\t\t\t\t\t<img fetchpriority=\"high\" decoding=\"async\" width=\"351\" height=\"351\" src=\"https:\/\/www.aparnasremontit.fi\/wp-content\/uploads\/2025\/10\/meista-kuva.png\" class=\"attachment-full size-full wp-image-1073\" alt=\"\" srcset=\"https:\/\/www.aparnasremontit.fi\/wp-content\/uploads\/2025\/10\/meista-kuva.png 351w, https:\/\/www.aparnasremontit.fi\/wp-content\/uploads\/2025\/10\/meista-kuva-300x300.png 300w, https:\/\/www.aparnasremontit.fi\/wp-content\/uploads\/2025\/10\/meista-kuva-150x150.png 150w\" sizes=\"(max-width: 351px) 100vw, 351px\" \/>\t\t\t\t\t\t\t\t\t\t\t\t\t\t\t<\/div>\n\t\t\t\t<\/div>\n\t\t<div class=\"elementor-element elementor-element-348b09c e-con-full e-flex e-con e-child\" data-id=\"348b09c\" data-element_type=\"container\" data-e-type=\"container\">\n\t\t\t\t<div class=\"elementor-element elementor-element-8b01359 elementor-widget elementor-widget-text-editor\" data-id=\"8b01359\" data-element_type=\"widget\" data-e-type=\"widget\" data-widget_type=\"text-editor.default\">\n\t\t\t\t\t\t\t\t\t<p>\u00c4ven om Aparnas grundades redan 2009 har jag inte alltid arbetat med renoveringar \u2013 jag kommer fr\u00e5n en akademisk familj och min karri\u00e4r b\u00f6rjade faktiskt inom datorer och kodning. Jag fann teknologin fascinerande och trivdes bl.a. som projektledare, men jag m\u00e4rkte att jag saknade n\u00e5got mer konkret \u2013 att arbeta med h\u00e4nderna och ha genuin interaktion med m\u00e4nniskor. Jag fann min kallelse n\u00e4r jag skaffade en tr\u00e4b\u00e5t och f\u00f6rdjupade mig i tr\u00e4arbete i stor skala.<\/p><p>Det b\u00e4sta i Aparnas vardag \u00e4r de stunder n\u00e4r jag hittar en kreativ l\u00f6sning p\u00e5 kundens problem i en mer utmanande situation. D\u00e5 vet jag att jag har lyckats. Detta arbete \u00e4r f\u00f6r mig mycket mer \u00e4n bara byggande \u2013 det handlar om f\u00f6rtroende, m\u00f6ten och att bygga l\u00e5ngvariga relationer.<\/p><p>Aparnas Remontit har nu betj\u00e4nat kunder i \u00f6ver ett decennium, och jag skulle aldrig mer byta mitt m\u00e4nniskocentrerade arbete mot att hantera bitar och bytes.<\/p>\t\t\t\t\t\t\t\t<\/div>\n\t\t\t\t<\/div>\n\t\t\t\t<\/div>\n\t\t\t\t\t<\/div>\n\t\t\t\t<\/div>\n\t\t\t\t<\/div>\n\t\t","protected":false},"excerpt":{"rendered":"<p>Offertf\u00f6rfr\u00e5gan V\u00e5rt serviceomr\u00e5de: Helsingfors (inklusive centrumomr\u00e5det), Esbo, Kyrksl\u00e4tt samt \u00f6vriga Nyland. Kontaktuppgifter Peter Holmstr\u00f6m tel. 040 849 5331 peter.holmstrom@aparnasremontit.fi Aparnas OyNorrsv\u00e4ngen 32 A00200 Helsingfors Faktureringsuppgifter FO-nummer: 3563885-6EDI: 003735638856Operat\u00f6r: Pagero Oy Om oss \u00c4ven om Aparnas grundades redan 2009 har jag inte alltid arbetat med renoveringar \u2013 jag kommer fr\u00e5n en akademisk familj och min karri\u00e4r [&hellip;]<\/p>\n","protected":false},"author":3,"featured_media":0,"parent":0,"menu_order":0,"comment_status":"closed","ping_status":"closed","template":"","meta":{"footnotes":""},"class_list":["post-1072","page","type-page","status-publish","hentry"],"yoast_head":"<!-- This site is optimized with the Yoast SEO plugin v27.6 - https:\/\/yoast.com\/product\/yoast-seo-wordpress\/ -->\n<title>Kontaktuppgifter - Aparnas Oy<\/title>\n<meta name=\"robots\" content=\"index, follow, max-snippet:-1, max-image-preview:large, max-video-preview:-1\" \/>\n<link rel=\"canonical\" href=\"https:\/\/www.aparnasremontit.fi\/sv\/kontaktuppgifter\/\" \/>\n<meta property=\"og:locale\" content=\"sv_SE\" \/>\n<meta property=\"og:type\" content=\"article\" \/>\n<meta property=\"og:title\" content=\"Kontaktuppgifter - Aparnas Oy\" \/>\n<meta property=\"og:description\" content=\"Offertf\u00f6rfr\u00e5gan V\u00e5rt serviceomr\u00e5de: Helsingfors (inklusive centrumomr\u00e5det), Esbo, Kyrksl\u00e4tt samt \u00f6vriga Nyland. Kontaktuppgifter Peter Holmstr\u00f6m tel. 040 849 5331 peter.holmstrom@aparnasremontit.fi Aparnas OyNorrsv\u00e4ngen 32 A00200 Helsingfors Faktureringsuppgifter FO-nummer: 3563885-6EDI: 003735638856Operat\u00f6r: Pagero Oy Om oss \u00c4ven om Aparnas grundades redan 2009 har jag inte alltid arbetat med renoveringar \u2013 jag kommer fr\u00e5n en akademisk familj och min karri\u00e4r [&hellip;]\" \/>\n<meta property=\"og:url\" content=\"https:\/\/www.aparnasremontit.fi\/sv\/kontaktuppgifter\/\" \/>\n<meta property=\"og:site_name\" content=\"Aparnas Oy\" \/>\n<meta property=\"article:modified_time\" content=\"2025-11-14T10:26:18+00:00\" \/>\n<meta property=\"og:image\" content=\"http:\/\/www.aparnasremontit.fi\/wp-content\/uploads\/2025\/10\/meista-kuva.png\" \/>\n<meta name=\"twitter:card\" content=\"summary_large_image\" \/>\n<meta name=\"twitter:label1\" content=\"Ber\u00e4knad l\u00e4stid\" \/>\n\t<meta name=\"twitter:data1\" content=\"1 minut\" \/>\n<script type=\"application\/ld+json\" class=\"yoast-schema-graph\">{\"@context\":\"https:\\\/\\\/schema.org\",\"@graph\":[{\"@type\":\"WebPage\",\"@id\":\"https:\\\/\\\/www.aparnasremontit.fi\\\/sv\\\/kontaktuppgifter\\\/\",\"url\":\"https:\\\/\\\/www.aparnasremontit.fi\\\/sv\\\/kontaktuppgifter\\\/\",\"name\":\"Kontaktuppgifter - Aparnas Oy\",\"isPartOf\":{\"@id\":\"https:\\\/\\\/www.aparnasremontit.fi\\\/sv\\\/#website\"},\"primaryImageOfPage\":{\"@id\":\"https:\\\/\\\/www.aparnasremontit.fi\\\/sv\\\/kontaktuppgifter\\\/#primaryimage\"},\"image\":{\"@id\":\"https:\\\/\\\/www.aparnasremontit.fi\\\/sv\\\/kontaktuppgifter\\\/#primaryimage\"},\"thumbnailUrl\":\"http:\\\/\\\/www.aparnasremontit.fi\\\/wp-content\\\/uploads\\\/2025\\\/10\\\/meista-kuva.png\",\"datePublished\":\"2025-10-07T12:08:00+00:00\",\"dateModified\":\"2025-11-14T10:26:18+00:00\",\"breadcrumb\":{\"@id\":\"https:\\\/\\\/www.aparnasremontit.fi\\\/sv\\\/kontaktuppgifter\\\/#breadcrumb\"},\"inLanguage\":\"sv-SE\",\"potentialAction\":[{\"@type\":\"ReadAction\",\"target\":[\"https:\\\/\\\/www.aparnasremontit.fi\\\/sv\\\/kontaktuppgifter\\\/\"]}]},{\"@type\":\"ImageObject\",\"inLanguage\":\"sv-SE\",\"@id\":\"https:\\\/\\\/www.aparnasremontit.fi\\\/sv\\\/kontaktuppgifter\\\/#primaryimage\",\"url\":\"http:\\\/\\\/www.aparnasremontit.fi\\\/wp-content\\\/uploads\\\/2025\\\/10\\\/meista-kuva.png\",\"contentUrl\":\"http:\\\/\\\/www.aparnasremontit.fi\\\/wp-content\\\/uploads\\\/2025\\\/10\\\/meista-kuva.png\"},{\"@type\":\"BreadcrumbList\",\"@id\":\"https:\\\/\\\/www.aparnasremontit.fi\\\/sv\\\/kontaktuppgifter\\\/#breadcrumb\",\"itemListElement\":[{\"@type\":\"ListItem\",\"position\":1,\"name\":\"Home\",\"item\":\"https:\\\/\\\/www.aparnasremontit.fi\\\/sv\\\/\"},{\"@type\":\"ListItem\",\"position\":2,\"name\":\"Kontaktuppgifter\"}]},{\"@type\":\"WebSite\",\"@id\":\"https:\\\/\\\/www.aparnasremontit.fi\\\/sv\\\/#website\",\"url\":\"https:\\\/\\\/www.aparnasremontit.fi\\\/sv\\\/\",\"name\":\"Aparnas Oy\",\"description\":\"\",\"publisher\":{\"@id\":\"https:\\\/\\\/www.aparnasremontit.fi\\\/sv\\\/#organization\"},\"potentialAction\":[{\"@type\":\"SearchAction\",\"target\":{\"@type\":\"EntryPoint\",\"urlTemplate\":\"https:\\\/\\\/www.aparnasremontit.fi\\\/sv\\\/?s={search_term_string}\"},\"query-input\":{\"@type\":\"PropertyValueSpecification\",\"valueRequired\":true,\"valueName\":\"search_term_string\"}}],\"inLanguage\":\"sv-SE\"},{\"@type\":\"Organization\",\"@id\":\"https:\\\/\\\/www.aparnasremontit.fi\\\/sv\\\/#organization\",\"name\":\"Aparnas Oy\",\"url\":\"https:\\\/\\\/www.aparnasremontit.fi\\\/sv\\\/\",\"logo\":{\"@type\":\"ImageObject\",\"inLanguage\":\"sv-SE\",\"@id\":\"https:\\\/\\\/www.aparnasremontit.fi\\\/sv\\\/#\\\/schema\\\/logo\\\/image\\\/\",\"url\":\"https:\\\/\\\/www.aparnasremontit.fi\\\/wp-content\\\/uploads\\\/2025\\\/09\\\/aparnas-logo-valkoinen-RGB.png\",\"contentUrl\":\"https:\\\/\\\/www.aparnasremontit.fi\\\/wp-content\\\/uploads\\\/2025\\\/09\\\/aparnas-logo-valkoinen-RGB.png\",\"width\":1001,\"height\":1001,\"caption\":\"Aparnas Oy\"},\"image\":{\"@id\":\"https:\\\/\\\/www.aparnasremontit.fi\\\/sv\\\/#\\\/schema\\\/logo\\\/image\\\/\"}}]}<\/script>\n<!-- \/ Yoast SEO plugin. -->","yoast_head_json":{"title":"Kontaktuppgifter - Aparnas Oy","robots":{"index":"index","follow":"follow","max-snippet":"max-snippet:-1","max-image-preview":"max-image-preview:large","max-video-preview":"max-video-preview:-1"},"canonical":"https:\/\/www.aparnasremontit.fi\/sv\/kontaktuppgifter\/","og_locale":"sv_SE","og_type":"article","og_title":"Kontaktuppgifter - Aparnas Oy","og_description":"Offertf\u00f6rfr\u00e5gan V\u00e5rt serviceomr\u00e5de: Helsingfors (inklusive centrumomr\u00e5det), Esbo, Kyrksl\u00e4tt samt \u00f6vriga Nyland. Kontaktuppgifter Peter Holmstr\u00f6m tel. 040 849 5331 peter.holmstrom@aparnasremontit.fi Aparnas OyNorrsv\u00e4ngen 32 A00200 Helsingfors Faktureringsuppgifter FO-nummer: 3563885-6EDI: 003735638856Operat\u00f6r: Pagero Oy Om oss \u00c4ven om Aparnas grundades redan 2009 har jag inte alltid arbetat med renoveringar \u2013 jag kommer fr\u00e5n en akademisk familj och min karri\u00e4r [&hellip;]","og_url":"https:\/\/www.aparnasremontit.fi\/sv\/kontaktuppgifter\/","og_site_name":"Aparnas Oy","article_modified_time":"2025-11-14T10:26:18+00:00","og_image":[{"url":"http:\/\/www.aparnasremontit.fi\/wp-content\/uploads\/2025\/10\/meista-kuva.png","type":"","width":"","height":""}],"twitter_card":"summary_large_image","twitter_misc":{"Ber\u00e4knad l\u00e4stid":"1 minut"},"schema":{"@context":"https:\/\/schema.org","@graph":[{"@type":"WebPage","@id":"https:\/\/www.aparnasremontit.fi\/sv\/kontaktuppgifter\/","url":"https:\/\/www.aparnasremontit.fi\/sv\/kontaktuppgifter\/","name":"Kontaktuppgifter - Aparnas Oy","isPartOf":{"@id":"https:\/\/www.aparnasremontit.fi\/sv\/#website"},"primaryImageOfPage":{"@id":"https:\/\/www.aparnasremontit.fi\/sv\/kontaktuppgifter\/#primaryimage"},"image":{"@id":"https:\/\/www.aparnasremontit.fi\/sv\/kontaktuppgifter\/#primaryimage"},"thumbnailUrl":"http:\/\/www.aparnasremontit.fi\/wp-content\/uploads\/2025\/10\/meista-kuva.png","datePublished":"2025-10-07T12:08:00+00:00","dateModified":"2025-11-14T10:26:18+00:00","breadcrumb":{"@id":"https:\/\/www.aparnasremontit.fi\/sv\/kontaktuppgifter\/#breadcrumb"},"inLanguage":"sv-SE","potentialAction":[{"@type":"ReadAction","target":["https:\/\/www.aparnasremontit.fi\/sv\/kontaktuppgifter\/"]}]},{"@type":"ImageObject","inLanguage":"sv-SE","@id":"https:\/\/www.aparnasremontit.fi\/sv\/kontaktuppgifter\/#primaryimage","url":"http:\/\/www.aparnasremontit.fi\/wp-content\/uploads\/2025\/10\/meista-kuva.png","contentUrl":"http:\/\/www.aparnasremontit.fi\/wp-content\/uploads\/2025\/10\/meista-kuva.png"},{"@type":"BreadcrumbList","@id":"https:\/\/www.aparnasremontit.fi\/sv\/kontaktuppgifter\/#breadcrumb","itemListElement":[{"@type":"ListItem","position":1,"name":"Home","item":"https:\/\/www.aparnasremontit.fi\/sv\/"},{"@type":"ListItem","position":2,"name":"Kontaktuppgifter"}]},{"@type":"WebSite","@id":"https:\/\/www.aparnasremontit.fi\/sv\/#website","url":"https:\/\/www.aparnasremontit.fi\/sv\/","name":"Aparnas Oy","description":"","publisher":{"@id":"https:\/\/www.aparnasremontit.fi\/sv\/#organization"},"potentialAction":[{"@type":"SearchAction","target":{"@type":"EntryPoint","urlTemplate":"https:\/\/www.aparnasremontit.fi\/sv\/?s={search_term_string}"},"query-input":{"@type":"PropertyValueSpecification","valueRequired":true,"valueName":"search_term_string"}}],"inLanguage":"sv-SE"},{"@type":"Organization","@id":"https:\/\/www.aparnasremontit.fi\/sv\/#organization","name":"Aparnas Oy","url":"https:\/\/www.aparnasremontit.fi\/sv\/","logo":{"@type":"ImageObject","inLanguage":"sv-SE","@id":"https:\/\/www.aparnasremontit.fi\/sv\/#\/schema\/logo\/image\/","url":"https:\/\/www.aparnasremontit.fi\/wp-content\/uploads\/2025\/09\/aparnas-logo-valkoinen-RGB.png","contentUrl":"https:\/\/www.aparnasremontit.fi\/wp-content\/uploads\/2025\/09\/aparnas-logo-valkoinen-RGB.png","width":1001,"height":1001,"caption":"Aparnas Oy"},"image":{"@id":"https:\/\/www.aparnasremontit.fi\/sv\/#\/schema\/logo\/image\/"}}]}},"_links":{"self":[{"href":"https:\/\/www.aparnasremontit.fi\/sv\/wp-json\/wp\/v2\/pages\/1072","targetHints":{"allow":["GET"]}}],"collection":[{"href":"https:\/\/www.aparnasremontit.fi\/sv\/wp-json\/wp\/v2\/pages"}],"about":[{"href":"https:\/\/www.aparnasremontit.fi\/sv\/wp-json\/wp\/v2\/types\/page"}],"author":[{"embeddable":true,"href":"https:\/\/www.aparnasremontit.fi\/sv\/wp-json\/wp\/v2\/users\/3"}],"replies":[{"embeddable":true,"href":"https:\/\/www.aparnasremontit.fi\/sv\/wp-json\/wp\/v2\/comments?post=1072"}],"version-history":[{"count":3,"href":"https:\/\/www.aparnasremontit.fi\/sv\/wp-json\/wp\/v2\/pages\/1072\/revisions"}],"predecessor-version":[{"id":1182,"href":"https:\/\/www.aparnasremontit.fi\/sv\/wp-json\/wp\/v2\/pages\/1072\/revisions\/1182"}],"wp:attachment":[{"href":"https:\/\/www.aparnasremontit.fi\/sv\/wp-json\/wp\/v2\/media?parent=1072"}],"curies":[{"name":"wp","href":"https:\/\/api.w.org\/{rel}","templated":true}]}}